{"id":1377,"date":"2021-12-20T17:15:11","date_gmt":"2021-12-20T16:15:11","guid":{"rendered":"http:\/\/www.tissot.com\/references\/"},"modified":"2022-03-01T12:31:26","modified_gmt":"2022-03-01T11:31:26","slug":"references","status":"publish","type":"page","link":"https:\/\/tissot.com\/en\/references\/","title":{"rendered":"References"},"content":{"rendered":"","protected":false},"excerpt":{"rendered":"<p>D\u00e9couvrez notre liste de r\u00e9f\u00e9rences <\/p>\n","protected":false},"author":1,"featured_media":1215,"parent":0,"menu_order":0,"comment_status":"closed","ping_status":"closed","template":"template-reference.php","meta":{"footnotes":""},"class_list":["post-1377","page","type-page","status-publish","has-post-thumbnail","hentry"],"yoast_head":"<!-- This site is optimized with the Yoast SEO plugin v24.3 - https:\/\/yoast.com\/wordpress\/plugins\/seo\/ -->\n<title>References - TISSOT Industrie<\/title>\n<meta name=\"robots\" content=\"index, follow, max-snippet:-1, max-image-preview:large, max-video-preview:-1\" \/>\n<link rel=\"canonical\" href=\"https:\/\/tissot.com\/en\/references\/\" \/>\n<meta property=\"og:locale\" content=\"en_US\" \/>\n<meta property=\"og:type\" content=\"article\" \/>\n<meta property=\"og:title\" content=\"References - TISSOT Industrie\" \/>\n<meta property=\"og:description\" content=\"D\u00e9couvrez notre liste de r\u00e9f\u00e9rences\" \/>\n<meta property=\"og:url\" content=\"https:\/\/tissot.com\/en\/references\/\" \/>\n<meta property=\"og:site_name\" content=\"TISSOT Industrie\" \/>\n<meta property=\"article:modified_time\" content=\"2022-03-01T11:31:26+00:00\" \/>\n<meta property=\"og:image\" content=\"https:\/\/tissot.com\/wp-content\/uploads\/2022\/02\/header_reference-ter.jpg\" \/>\n\t<meta property=\"og:image:width\" content=\"1920\" \/>\n\t<meta property=\"og:image:height\" content=\"467\" \/>\n\t<meta property=\"og:image:type\" content=\"image\/jpeg\" \/>\n<meta name=\"twitter:card\" content=\"summary_large_image\" \/>\n<script type=\"application\/ld+json\" class=\"yoast-schema-graph\">{\"@context\":\"https:\/\/schema.org\",\"@graph\":[{\"@type\":\"WebPage\",\"@id\":\"https:\/\/tissot.com\/en\/references\/\",\"url\":\"https:\/\/tissot.com\/en\/references\/\",\"name\":\"References - TISSOT Industrie\",\"isPartOf\":{\"@id\":\"https:\/\/tissot.com\/pt\/#website\"},\"primaryImageOfPage\":{\"@id\":\"https:\/\/tissot.com\/en\/references\/#primaryimage\"},\"image\":{\"@id\":\"https:\/\/tissot.com\/en\/references\/#primaryimage\"},\"thumbnailUrl\":\"https:\/\/tissot.com\/wp-content\/uploads\/2022\/02\/header_reference-ter.jpg\",\"datePublished\":\"2021-12-20T16:15:11+00:00\",\"dateModified\":\"2022-03-01T11:31:26+00:00\",\"inLanguage\":\"en-US\",\"potentialAction\":[{\"@type\":\"ReadAction\",\"target\":[\"https:\/\/tissot.com\/en\/references\/\"]}]},{\"@type\":\"ImageObject\",\"inLanguage\":\"en-US\",\"@id\":\"https:\/\/tissot.com\/en\/references\/#primaryimage\",\"url\":\"https:\/\/tissot.com\/wp-content\/uploads\/2022\/02\/header_reference-ter.jpg\",\"contentUrl\":\"https:\/\/tissot.com\/wp-content\/uploads\/2022\/02\/header_reference-ter.jpg\",\"width\":1920,\"height\":467},{\"@type\":\"WebSite\",\"@id\":\"https:\/\/tissot.com\/pt\/#website\",\"url\":\"https:\/\/tissot.com\/pt\/\",\"name\":\"TISSOT Industrie\",\"description\":\"Chaudronnerie lourde\",\"publisher\":{\"@id\":\"https:\/\/tissot.com\/pt\/#organization\"},\"potentialAction\":[{\"@type\":\"SearchAction\",\"target\":{\"@type\":\"EntryPoint\",\"urlTemplate\":\"https:\/\/tissot.com\/pt\/?s={search_term_string}\"},\"query-input\":{\"@type\":\"PropertyValueSpecification\",\"valueRequired\":true,\"valueName\":\"search_term_string\"}}],\"inLanguage\":\"en-US\"},{\"@type\":\"Organization\",\"@id\":\"https:\/\/tissot.com\/pt\/#organization\",\"name\":\"TISSOT Industrie\",\"url\":\"https:\/\/tissot.com\/pt\/\",\"logo\":{\"@type\":\"ImageObject\",\"inLanguage\":\"en-US\",\"@id\":\"https:\/\/tissot.com\/pt\/#\/schema\/logo\/image\/\",\"url\":\"https:\/\/tissot.com\/wp-content\/uploads\/2022\/01\/logo_tissot_80_ans.png\",\"contentUrl\":\"https:\/\/tissot.com\/wp-content\/uploads\/2022\/01\/logo_tissot_80_ans.png\",\"width\":126,\"height\":76,\"caption\":\"TISSOT Industrie\"},\"image\":{\"@id\":\"https:\/\/tissot.com\/pt\/#\/schema\/logo\/image\/\"}}]}<\/script>\n<!-- \/ Yoast SEO plugin. -->","yoast_head_json":{"title":"References - TISSOT Industrie","robots":{"index":"index","follow":"follow","max-snippet":"max-snippet:-1","max-image-preview":"max-image-preview:large","max-video-preview":"max-video-preview:-1"},"canonical":"https:\/\/tissot.com\/en\/references\/","og_locale":"en_US","og_type":"article","og_title":"References - TISSOT Industrie","og_description":"D\u00e9couvrez notre liste de r\u00e9f\u00e9rences","og_url":"https:\/\/tissot.com\/en\/references\/","og_site_name":"TISSOT Industrie","article_modified_time":"2022-03-01T11:31:26+00:00","og_image":[{"width":1920,"height":467,"url":"https:\/\/tissot.com\/wp-content\/uploads\/2022\/02\/header_reference-ter.jpg","type":"image\/jpeg"}],"twitter_card":"summary_large_image","schema":{"@context":"https:\/\/schema.org","@graph":[{"@type":"WebPage","@id":"https:\/\/tissot.com\/en\/references\/","url":"https:\/\/tissot.com\/en\/references\/","name":"References - TISSOT Industrie","isPartOf":{"@id":"https:\/\/tissot.com\/pt\/#website"},"primaryImageOfPage":{"@id":"https:\/\/tissot.com\/en\/references\/#primaryimage"},"image":{"@id":"https:\/\/tissot.com\/en\/references\/#primaryimage"},"thumbnailUrl":"https:\/\/tissot.com\/wp-content\/uploads\/2022\/02\/header_reference-ter.jpg","datePublished":"2021-12-20T16:15:11+00:00","dateModified":"2022-03-01T11:31:26+00:00","inLanguage":"en-US","potentialAction":[{"@type":"ReadAction","target":["https:\/\/tissot.com\/en\/references\/"]}]},{"@type":"ImageObject","inLanguage":"en-US","@id":"https:\/\/tissot.com\/en\/references\/#primaryimage","url":"https:\/\/tissot.com\/wp-content\/uploads\/2022\/02\/header_reference-ter.jpg","contentUrl":"https:\/\/tissot.com\/wp-content\/uploads\/2022\/02\/header_reference-ter.jpg","width":1920,"height":467},{"@type":"WebSite","@id":"https:\/\/tissot.com\/pt\/#website","url":"https:\/\/tissot.com\/pt\/","name":"TISSOT Industrie","description":"Chaudronnerie lourde","publisher":{"@id":"https:\/\/tissot.com\/pt\/#organization"},"potentialAction":[{"@type":"SearchAction","target":{"@type":"EntryPoint","urlTemplate":"https:\/\/tissot.com\/pt\/?s={search_term_string}"},"query-input":{"@type":"PropertyValueSpecification","valueRequired":true,"valueName":"search_term_string"}}],"inLanguage":"en-US"},{"@type":"Organization","@id":"https:\/\/tissot.com\/pt\/#organization","name":"TISSOT Industrie","url":"https:\/\/tissot.com\/pt\/","logo":{"@type":"ImageObject","inLanguage":"en-US","@id":"https:\/\/tissot.com\/pt\/#\/schema\/logo\/image\/","url":"https:\/\/tissot.com\/wp-content\/uploads\/2022\/01\/logo_tissot_80_ans.png","contentUrl":"https:\/\/tissot.com\/wp-content\/uploads\/2022\/01\/logo_tissot_80_ans.png","width":126,"height":76,"caption":"TISSOT Industrie"},"image":{"@id":"https:\/\/tissot.com\/pt\/#\/schema\/logo\/image\/"}}]}},"_links":{"self":[{"href":"https:\/\/tissot.com\/en\/wp-json\/wp\/v2\/pages\/1377\/"}],"collection":[{"href":"https:\/\/tissot.com\/en\/wp-json\/wp\/v2\/pages\/"}],"about":[{"href":"https:\/\/tissot.com\/en\/wp-json\/wp\/v2\/types\/page\/"}],"author":[{"embeddable":true,"href":"https:\/\/tissot.com\/en\/wp-json\/wp\/v2\/users\/1\/"}],"replies":[{"embeddable":true,"href":"https:\/\/tissot.com\/en\/wp-json\/wp\/v2\/comments\/?post=1377"}],"version-history":[{"count":1,"href":"https:\/\/tissot.com\/en\/wp-json\/wp\/v2\/pages\/1377\/revisions\/"}],"predecessor-version":[{"id":1378,"href":"https:\/\/tissot.com\/en\/wp-json\/wp\/v2\/pages\/1377\/revisions\/1378\/"}],"wp:featuredmedia":[{"embeddable":true,"href":"https:\/\/tissot.com\/en\/wp-json\/wp\/v2\/media\/1215\/"}],"wp:attachment":[{"href":"https:\/\/tissot.com\/en\/wp-json\/wp\/v2\/media\/?parent=1377"}],"curies":[{"name":"wp","href":"https:\/\/api.w.org\/{rel}","templated":true}]}}