{"id":1817,"date":"2024-07-16T12:39:45","date_gmt":"2024-07-16T10:39:45","guid":{"rendered":"https:\/\/www.tissot.com\/?page_id=1817"},"modified":"2024-08-09T15:43:48","modified_gmt":"2024-08-09T13:43:48","slug":"mentions-legales","status":"publish","type":"page","link":"https:\/\/tissot.com\/pt\/mentions-legales\/","title":{"rendered":"AVISOS LEGAIS"},"content":{"rendered":"\t\t<div data-elementor-type=\"wp-page\" data-elementor-id=\"1817\" class=\"elementor elementor-1817\">\n\t\t\t\t\t\t<section class=\"elementor-section elementor-top-section elementor-element elementor-element-9302dfe elementor-section-boxed elementor-section-height-default elementor-section-height-default\" data-id=\"9302dfe\" data-element_type=\"section\">\n\t\t\t\t\t\t<div class=\"elementor-container elementor-column-gap-default\">\n\t\t\t\t\t<div class=\"elementor-column elementor-col-100 elementor-top-column elementor-element elementor-element-cb77a8b\" data-id=\"cb77a8b\" data-element_type=\"column\">\n\t\t\t<div class=\"elementor-widget-wrap elementor-element-populated\">\n\t\t\t\t\t\t<div class=\"elementor-element elementor-element-9bfeed8 elementor-widget elementor-widget-text-editor\" data-id=\"9bfeed8\" data-element_type=\"widget\" data-widget_type=\"text-editor.default\">\n\t\t\t\t<div class=\"elementor-widget-container\">\n\t\t\t\t\t\t\t\t\t<div>\n<div data-message-author-role=\"assistant\" data-message-id=\"81305f46-66cd-41e3-b64c-4c34e9b8a111\" dir=\"auto\">\n<div>\n<div>\n<p>TISSOT Industrie \u00e9 a empresa editora do site e o representante legal.<\/p>\n<\/div>\n<\/div>\n<\/div>\n<\/div>\n<p>36, Cours du G\u00e9n\u00e9ral de Gaulle \u2013 33720 Podensac<br><a href=\"mailto:contact.podensac@tissot.com\">contact.podensac@tissot.com<\/a><br>+33 (0)5 56 27 40 40<\/p>\n<h2>Conce\u00e7\u00e3o e cria\u00e7\u00e3o do site<\/h2>\n<p style=\"font-family: Visuelt, Oswald, -apple-system, 'system-ui', 'Segoe UI', Roboto, Oxygen-Sans, Ubuntu, Cantarell, 'Helvetica Neue', sans-serif; font-size: 16px; font-weight: 400; letter-spacing: normal;\">The Kub<br>5, rue de la Rousselle \u2013 33000 Bordeaux<br>+33 (0)5 24 99 15 00<br><a href=\"https:\/\/www.thekub.com\/\" target=\"_blank\" rel=\"noopener\">www.thekub.com<\/a><\/p>\n<div><span style=\"font-family: Plaak; font-size: 1rem; background-color: var(--bs-body-bg); text-align: var(--bs-body-text-align);\">&nbsp;<\/span><\/div>\n<div>\n<h3>Reda\u00e7\u00e3o<\/h3>\n<\/div>\n<div>Virginie Mallet<\/div>\n<div>&nbsp;<\/div>\n<h3>Tradu\u00e7\u00e3o<\/h3>\n<p>Trans4europe<\/p>\n<h3>Servidor<\/h3>\n<p>OVH<br>2 rue Kellermann \u2013 59100 Roubaix<br><a href=\"https:\/\/www.ovhcloud.com\/\" target=\"_blank\" rel=\"noopener\">www.ovh.com<\/a><\/p>\n<h3>Conte\u00fado<\/h3>\n<p>O propriet\u00e1rio do site procura fornecer informa\u00e7\u00f5es, com a maior exatid\u00e3o poss\u00edvel, no site&nbsp;<a href=\"http:\/\/www.tissot.com\/\">www.tissot.com<\/a>. No entanto, n\u00e3o poder\u00e1 ser responsabilizado por quaisquer omiss\u00f5es, inexatid\u00f5es ou falhas na atualiza\u00e7\u00e3o das informa\u00e7\u00f5es, quer sejam provocadas por si pr\u00f3prio ou por outros parceiros&nbsp; que forne\u00e7am essas mesmas informa\u00e7\u00f5es.<\/p>\n<p>Todas as informa\u00e7\u00f5es fornecidas no site&nbsp;<a href=\"http:\/\/www.tissot.com\/\">www.tissot.com<\/a>&nbsp;s\u00e3o meramente a t\u00edtulo indicativo, n\u00e3o s\u00e3o exaustivas e est\u00e3o sujeitas a altera\u00e7\u00f5es. S\u00e3o fornecidas sob reserva de sofrerem altera\u00e7\u00f5es que possam ter sido efetuadas desde a sua coloca\u00e7\u00e3o em linha.<\/p>\n<h2>Propriedade intelectual e contrafa\u00e7\u00f5es<\/h2>\n<p>O propriet\u00e1rio do site \u00e9 detentor dos direitos de propriedade intelectual ou det\u00e9m os direitos de utiliza\u00e7\u00e3o de todos os elementos acess\u00edveis no site, nomeadamente os textos, imagens, ilustra\u00e7\u00f5es, gr\u00e1ficos, log\u00f3tipo&#8230;. \u00c9 proibida qualquer reprodu\u00e7\u00e3o, representa\u00e7\u00e3o, modifica\u00e7\u00e3o, publica\u00e7\u00e3o, adapta\u00e7\u00e3o total ou parcial dos elementos do site, seja qual for o meio ou o processo utilizado, salvo autoriza\u00e7\u00e3o pr\u00e9via por escrito da empresa TISSOT Industrie.<\/p>\n<p>Qualquer utiliza\u00e7\u00e3o n\u00e3o autorizada do site ou de qualquer um dos seus elementos ser\u00e1 considerada uma infra\u00e7\u00e3o e ser\u00e1 processada em conformidade com as disposi\u00e7\u00f5es dos artigos L.335-2 e seguintes do C\u00f3digo de Propriedade Intelectual franc\u00eas.<\/p>\n<h2>Liga\u00e7\u00f5es de hipertexto<\/h2>\n<p>O site&nbsp;<a href=\"http:\/\/www.tissot.com\/\">www.tissot.com<\/a>&nbsp;pode apresentar algumas liga\u00e7\u00f5es de hipertexto para outros sites (<em>parceiros, informa\u00e7\u00f5es \u2026<\/em>) criadas com a autoriza\u00e7\u00e3o do propriet\u00e1rio do site. No entanto, n\u00e3o sendo poss\u00edvel ao propriet\u00e1rio do site verificar o conte\u00fado dos sites visitados, este declina qualquer responsabilidade por eventuais riscos de conte\u00fado il\u00edcito. O utilizador reconhece que n\u00e3o temos qualquer responsabilidade ou obriga\u00e7\u00e3o, direta ou indireta, por quaisquer danos causados, resultantes de ou relacionados com a utiliza\u00e7\u00e3o ou fiabilidade do conte\u00fado, bens ou servi\u00e7os oferecidos por esses sites associados.<br>Al\u00e9m disso, a possibilidade de criar hiperliga\u00e7\u00f5es para o site&nbsp;<a href=\"http:\/\/www.tissot.com\/\">www.tissot.com<\/a>&nbsp;est\u00e1 sujeita ao acordo pr\u00e9vio da TISSOT Industrie.<\/p>\n<h2>Cookies<\/h2>\n<p>Durante a sua navega\u00e7\u00e3o, s\u00e3o recolhidos dados n\u00e3o pessoais por um sistema de cookies para fins estat\u00edsticos. Estes ficheiros armazenados no seu computador permitem \u00e0 TISSOT Industrie registar informa\u00e7\u00f5es sobre a sua navega\u00e7\u00e3o no site&nbsp;<a href=\"http:\/\/www.tissot.com\/\">www.tissot.com<\/a>&nbsp;(<em>p\u00e1ginas consultadas, data e hora de consulta<\/em>). Estes dados n\u00e3o nos permitem, em caso algum, identific\u00e1-lo. A sua \u00fanica finalidade \u00e9 facilitar o acesso aos servi\u00e7os que lhe propomos e melhorar o nosso site. Pode recusar o armazenamento de cookies configurando o seu navegador de acordo com os procedimentos descritos no site da&nbsp;<em>Commission Nationale Informatique et Libert\u00e9s<\/em>&nbsp;(<a href=\"https:\/\/www.cnil.fr\/\"><em>www.cnil.fr<\/em><\/a>).<\/p>\n<h2>Gest\u00e3o dos dados pessoais<\/h2>\n<p>Em Fran\u00e7a, os dados pessoais s\u00e3o protegidos pela Lei n.\u00ba 78-87 de 6 de janeiro de 1978, pela Lei n.\u00ba 2004-801 de 6 de agosto de 2004, pelo artigo L. 226-13 do C\u00f3digo Penal e pela Diretiva Europeia de 24 de outubro de 1995. Na&nbsp;<a href=\"http:\/\/www.tissot.com\/\">www.tissot.com<\/a>, o propriet\u00e1rio do site, apenas recolhe informa\u00e7\u00f5es pessoais sobre o utilizador para efeitos de determinados servi\u00e7os oferecidos pelo site. O utilizador fornece estas informa\u00e7\u00f5es com conhecimento de causa, nomeadamente quando introduz as informa\u00e7\u00f5es.<\/p>\n<p>O utilizador tem o direito de aceder e retificar as informa\u00e7\u00f5es que lhe dizem respeito. Se pretender exercer este direito e obter informa\u00e7\u00f5es relativas a si, pode contactar&nbsp;<a href=\"mailto:contact.podensac@tissot.com\">contact.podensac@tissot.com<\/a>. Informamos ainda que as informa\u00e7\u00f5es recolhidas atrav\u00e9s do formul\u00e1rio de contacto n\u00e3o ser\u00e3o divulgadas a pessoas que n\u00e3o fa\u00e7am parte da nossa empresa.<\/p>\t\t\t\t\t\t\t\t<\/div>\n\t\t\t\t<\/div>\n\t\t\t\t\t<\/div>\n\t\t<\/div>\n\t\t\t\t\t<\/div>\n\t\t<\/section>\n\t\t\t\t<\/div>\n\t\t","protected":false},"excerpt":{"rendered":"<p>TISSOT Industrie \u00e9 a empresa editora do site e o representante legal. 36, Cours du G\u00e9n\u00e9ral de Gaulle \u2013 33720 Podensaccontact.podensac@tissot.com+33 (0)5 56 27 40 40 Conce\u00e7\u00e3o e cria\u00e7\u00e3o do site The Kub5, rue de la Rousselle \u2013 33000 Bordeaux+33 (0)5 24 99 15 00www.thekub.com &nbsp; Reda\u00e7\u00e3o Virginie Mallet &nbsp; Tradu\u00e7\u00e3o Trans4europe Servidor OVH2 rue [&hellip;]<\/p>\n","protected":false},"author":3,"featured_media":1825,"parent":0,"menu_order":0,"comment_status":"closed","ping_status":"closed","template":"","meta":{"footnotes":""},"class_list":["post-1817","page","type-page","status-publish","has-post-thumbnail","hentry"],"yoast_head":"<!-- This site is optimized with the Yoast SEO plugin v24.3 - https:\/\/yoast.com\/wordpress\/plugins\/seo\/ -->\n<title>AVISOS LEGAIS - TISSOT Industrie<\/title>\n<meta name=\"robots\" content=\"index, follow, max-snippet:-1, max-image-preview:large, max-video-preview:-1\" \/>\n<link rel=\"canonical\" href=\"https:\/\/tissot.com\/pt\/mentions-legales\/\" \/>\n<meta property=\"og:locale\" content=\"pt_PT\" \/>\n<meta property=\"og:type\" content=\"article\" \/>\n<meta property=\"og:title\" content=\"AVISOS LEGAIS - TISSOT Industrie\" \/>\n<meta property=\"og:description\" content=\"TISSOT Industrie \u00e9 a empresa editora do site e o representante legal. 36, Cours du G\u00e9n\u00e9ral de Gaulle \u2013 33720 Podensaccontact.podensac@tissot.com+33 (0)5 56 27 40 40 Conce\u00e7\u00e3o e cria\u00e7\u00e3o do site The Kub5, rue de la Rousselle \u2013 33000 Bordeaux+33 (0)5 24 99 15 00www.thekub.com &nbsp; Reda\u00e7\u00e3o Virginie Mallet &nbsp; Tradu\u00e7\u00e3o Trans4europe Servidor OVH2 rue [&hellip;]\" \/>\n<meta property=\"og:url\" content=\"https:\/\/tissot.com\/pt\/mentions-legales\/\" \/>\n<meta property=\"og:site_name\" content=\"TISSOT Industrie\" \/>\n<meta property=\"article:modified_time\" content=\"2024-08-09T13:43:48+00:00\" \/>\n<meta property=\"og:image\" content=\"https:\/\/tissot.com\/wp-content\/uploads\/2022\/02\/header_reference-bis.jpg\" \/>\n\t<meta property=\"og:image:width\" content=\"1920\" \/>\n\t<meta property=\"og:image:height\" content=\"467\" \/>\n\t<meta property=\"og:image:type\" content=\"image\/jpeg\" \/>\n<meta name=\"twitter:card\" content=\"summary_large_image\" \/>\n<meta name=\"twitter:label1\" content=\"Est. reading time\" \/>\n\t<meta name=\"twitter:data1\" content=\"4 minutes\" \/>\n<script type=\"application\/ld+json\" class=\"yoast-schema-graph\">{\"@context\":\"https:\/\/schema.org\",\"@graph\":[{\"@type\":\"WebPage\",\"@id\":\"https:\/\/tissot.com\/pt\/mentions-legales\/\",\"url\":\"https:\/\/tissot.com\/pt\/mentions-legales\/\",\"name\":\"AVISOS LEGAIS - TISSOT Industrie\",\"isPartOf\":{\"@id\":\"https:\/\/tissot.com\/pt\/#website\"},\"primaryImageOfPage\":{\"@id\":\"https:\/\/tissot.com\/pt\/mentions-legales\/#primaryimage\"},\"image\":{\"@id\":\"https:\/\/tissot.com\/pt\/mentions-legales\/#primaryimage\"},\"thumbnailUrl\":\"https:\/\/tissot.com\/wp-content\/uploads\/2022\/02\/header_reference-bis.jpg\",\"datePublished\":\"2024-07-16T10:39:45+00:00\",\"dateModified\":\"2024-08-09T13:43:48+00:00\",\"inLanguage\":\"pt\",\"potentialAction\":[{\"@type\":\"ReadAction\",\"target\":[\"https:\/\/tissot.com\/pt\/mentions-legales\/\"]}]},{\"@type\":\"ImageObject\",\"inLanguage\":\"pt\",\"@id\":\"https:\/\/tissot.com\/pt\/mentions-legales\/#primaryimage\",\"url\":\"https:\/\/tissot.com\/wp-content\/uploads\/2022\/02\/header_reference-bis.jpg\",\"contentUrl\":\"https:\/\/tissot.com\/wp-content\/uploads\/2022\/02\/header_reference-bis.jpg\",\"width\":1920,\"height\":467,\"caption\":\"SAMSUNG CSC\"},{\"@type\":\"WebSite\",\"@id\":\"https:\/\/tissot.com\/pt\/#website\",\"url\":\"https:\/\/tissot.com\/pt\/\",\"name\":\"TISSOT Industrie\",\"description\":\"Chaudronnerie lourde\",\"publisher\":{\"@id\":\"https:\/\/tissot.com\/pt\/#organization\"},\"potentialAction\":[{\"@type\":\"SearchAction\",\"target\":{\"@type\":\"EntryPoint\",\"urlTemplate\":\"https:\/\/tissot.com\/pt\/?s={search_term_string}\"},\"query-input\":{\"@type\":\"PropertyValueSpecification\",\"valueRequired\":true,\"valueName\":\"search_term_string\"}}],\"inLanguage\":\"pt\"},{\"@type\":\"Organization\",\"@id\":\"https:\/\/tissot.com\/pt\/#organization\",\"name\":\"TISSOT Industrie\",\"url\":\"https:\/\/tissot.com\/pt\/\",\"logo\":{\"@type\":\"ImageObject\",\"inLanguage\":\"pt\",\"@id\":\"https:\/\/tissot.com\/pt\/#\/schema\/logo\/image\/\",\"url\":\"https:\/\/tissot.com\/wp-content\/uploads\/2022\/01\/logo_tissot_80_ans.png\",\"contentUrl\":\"https:\/\/tissot.com\/wp-content\/uploads\/2022\/01\/logo_tissot_80_ans.png\",\"width\":126,\"height\":76,\"caption\":\"TISSOT Industrie\"},\"image\":{\"@id\":\"https:\/\/tissot.com\/pt\/#\/schema\/logo\/image\/\"}}]}<\/script>\n<!-- \/ Yoast SEO plugin. -->","yoast_head_json":{"title":"AVISOS LEGAIS - TISSOT Industrie","robots":{"index":"index","follow":"follow","max-snippet":"max-snippet:-1","max-image-preview":"max-image-preview:large","max-video-preview":"max-video-preview:-1"},"canonical":"https:\/\/tissot.com\/pt\/mentions-legales\/","og_locale":"pt_PT","og_type":"article","og_title":"AVISOS LEGAIS - TISSOT Industrie","og_description":"TISSOT Industrie \u00e9 a empresa editora do site e o representante legal. 36, Cours du G\u00e9n\u00e9ral de Gaulle \u2013 33720 Podensaccontact.podensac@tissot.com+33 (0)5 56 27 40 40 Conce\u00e7\u00e3o e cria\u00e7\u00e3o do site The Kub5, rue de la Rousselle \u2013 33000 Bordeaux+33 (0)5 24 99 15 00www.thekub.com &nbsp; Reda\u00e7\u00e3o Virginie Mallet &nbsp; Tradu\u00e7\u00e3o Trans4europe Servidor OVH2 rue [&hellip;]","og_url":"https:\/\/tissot.com\/pt\/mentions-legales\/","og_site_name":"TISSOT Industrie","article_modified_time":"2024-08-09T13:43:48+00:00","og_image":[{"width":1920,"height":467,"url":"https:\/\/tissot.com\/wp-content\/uploads\/2022\/02\/header_reference-bis.jpg","type":"image\/jpeg"}],"twitter_card":"summary_large_image","twitter_misc":{"Est. reading time":"4 minutes"},"schema":{"@context":"https:\/\/schema.org","@graph":[{"@type":"WebPage","@id":"https:\/\/tissot.com\/pt\/mentions-legales\/","url":"https:\/\/tissot.com\/pt\/mentions-legales\/","name":"AVISOS LEGAIS - TISSOT Industrie","isPartOf":{"@id":"https:\/\/tissot.com\/pt\/#website"},"primaryImageOfPage":{"@id":"https:\/\/tissot.com\/pt\/mentions-legales\/#primaryimage"},"image":{"@id":"https:\/\/tissot.com\/pt\/mentions-legales\/#primaryimage"},"thumbnailUrl":"https:\/\/tissot.com\/wp-content\/uploads\/2022\/02\/header_reference-bis.jpg","datePublished":"2024-07-16T10:39:45+00:00","dateModified":"2024-08-09T13:43:48+00:00","inLanguage":"pt","potentialAction":[{"@type":"ReadAction","target":["https:\/\/tissot.com\/pt\/mentions-legales\/"]}]},{"@type":"ImageObject","inLanguage":"pt","@id":"https:\/\/tissot.com\/pt\/mentions-legales\/#primaryimage","url":"https:\/\/tissot.com\/wp-content\/uploads\/2022\/02\/header_reference-bis.jpg","contentUrl":"https:\/\/tissot.com\/wp-content\/uploads\/2022\/02\/header_reference-bis.jpg","width":1920,"height":467,"caption":"SAMSUNG CSC"},{"@type":"WebSite","@id":"https:\/\/tissot.com\/pt\/#website","url":"https:\/\/tissot.com\/pt\/","name":"TISSOT Industrie","description":"Chaudronnerie lourde","publisher":{"@id":"https:\/\/tissot.com\/pt\/#organization"},"potentialAction":[{"@type":"SearchAction","target":{"@type":"EntryPoint","urlTemplate":"https:\/\/tissot.com\/pt\/?s={search_term_string}"},"query-input":{"@type":"PropertyValueSpecification","valueRequired":true,"valueName":"search_term_string"}}],"inLanguage":"pt"},{"@type":"Organization","@id":"https:\/\/tissot.com\/pt\/#organization","name":"TISSOT Industrie","url":"https:\/\/tissot.com\/pt\/","logo":{"@type":"ImageObject","inLanguage":"pt","@id":"https:\/\/tissot.com\/pt\/#\/schema\/logo\/image\/","url":"https:\/\/tissot.com\/wp-content\/uploads\/2022\/01\/logo_tissot_80_ans.png","contentUrl":"https:\/\/tissot.com\/wp-content\/uploads\/2022\/01\/logo_tissot_80_ans.png","width":126,"height":76,"caption":"TISSOT Industrie"},"image":{"@id":"https:\/\/tissot.com\/pt\/#\/schema\/logo\/image\/"}}]}},"_links":{"self":[{"href":"https:\/\/tissot.com\/pt\/wp-json\/wp\/v2\/pages\/1817\/"}],"collection":[{"href":"https:\/\/tissot.com\/pt\/wp-json\/wp\/v2\/pages\/"}],"about":[{"href":"https:\/\/tissot.com\/pt\/wp-json\/wp\/v2\/types\/page\/"}],"author":[{"embeddable":true,"href":"https:\/\/tissot.com\/pt\/wp-json\/wp\/v2\/users\/3\/"}],"replies":[{"embeddable":true,"href":"https:\/\/tissot.com\/pt\/wp-json\/wp\/v2\/comments\/?post=1817"}],"version-history":[{"count":22,"href":"https:\/\/tissot.com\/pt\/wp-json\/wp\/v2\/pages\/1817\/revisions\/"}],"predecessor-version":[{"id":2273,"href":"https:\/\/tissot.com\/pt\/wp-json\/wp\/v2\/pages\/1817\/revisions\/2273\/"}],"wp:featuredmedia":[{"embeddable":true,"href":"https:\/\/tissot.com\/pt\/wp-json\/wp\/v2\/media\/1825\/"}],"wp:attachment":[{"href":"https:\/\/tissot.com\/pt\/wp-json\/wp\/v2\/media\/?parent=1817"}],"curies":[{"name":"wp","href":"https:\/\/api.w.org\/{rel}","templated":true}]}}