{"id":1830,"date":"2024-07-16T12:39:51","date_gmt":"2024-07-16T10:39:51","guid":{"rendered":"https:\/\/www.tissot.com\/?page_id=1830"},"modified":"2024-07-26T15:11:59","modified_gmt":"2024-07-26T13:11:59","slug":"contact","status":"publish","type":"page","link":"https:\/\/tissot.com\/pt\/contact\/","title":{"rendered":"CONTACTO"},"content":{"rendered":"\t\t<div data-elementor-type=\"wp-page\" data-elementor-id=\"1830\" class=\"elementor elementor-1830\">\n\t\t\t\t\t\t<section class=\"elementor-section elementor-top-section elementor-element elementor-element-4da24db elementor-section-boxed elementor-section-height-default elementor-section-height-default\" data-id=\"4da24db\" data-element_type=\"section\">\n\t\t\t\t\t\t<div class=\"elementor-container elementor-column-gap-default\">\n\t\t\t\t\t<div class=\"elementor-column elementor-col-100 elementor-top-column elementor-element elementor-element-bb81b2e\" data-id=\"bb81b2e\" data-element_type=\"column\">\n\t\t\t<div class=\"elementor-widget-wrap elementor-element-populated\">\n\t\t\t\t\t\t<div class=\"elementor-element elementor-element-360c5b8 elementor-widget elementor-widget-heading\" data-id=\"360c5b8\" data-element_type=\"widget\" data-widget_type=\"heading.default\">\n\t\t\t\t<div class=\"elementor-widget-container\">\n\t\t\t\t\t<h2 class=\"elementor-heading-title elementor-size-default\">Aguardamos o seu contact !<\/h2>\t\t\t\t<\/div>\n\t\t\t\t<\/div>\n\t\t\t\t\t<\/div>\n\t\t<\/div>\n\t\t\t\t\t<\/div>\n\t\t<\/section>\n\t\t\t\t<section class=\"elementor-section elementor-top-section elementor-element elementor-element-30380fa elementor-section-boxed elementor-section-height-default elementor-section-height-default\" data-id=\"30380fa\" data-element_type=\"section\">\n\t\t\t\t\t\t<div class=\"elementor-container elementor-column-gap-default\">\n\t\t\t\t\t<div class=\"elementor-column elementor-col-100 elementor-top-column elementor-element elementor-element-705fb61\" data-id=\"705fb61\" data-element_type=\"column\">\n\t\t\t<div class=\"elementor-widget-wrap elementor-element-populated\">\n\t\t\t\t\t\t<div class=\"elementor-element elementor-element-a9a7e9d elementor-widget elementor-widget-heading\" data-id=\"a9a7e9d\" data-element_type=\"widget\" data-widget_type=\"heading.default\">\n\t\t\t\t<div class=\"elementor-widget-container\">\n\t\t\t\t\t<h3 class=\"elementor-heading-title elementor-size-default\">Formul\u00e1rio de contacto<\/h3>\t\t\t\t<\/div>\n\t\t\t\t<\/div>\n\t\t\t\t\t<\/div>\n\t\t<\/div>\n\t\t\t\t\t<\/div>\n\t\t<\/section>\n\t\t\t\t<section class=\"elementor-section elementor-top-section elementor-element elementor-element-54d625c elementor-section-boxed elementor-section-height-default elementor-section-height-default\" data-id=\"54d625c\" data-element_type=\"section\">\n\t\t\t\t\t\t<div class=\"elementor-container elementor-column-gap-default\">\n\t\t\t\t\t<div class=\"elementor-column elementor-col-100 elementor-top-column elementor-element elementor-element-b78d83d\" data-id=\"b78d83d\" data-element_type=\"column\">\n\t\t\t<div class=\"elementor-widget-wrap elementor-element-populated\">\n\t\t\t\t\t\t<div class=\"elementor-element elementor-element-0520fbc elementor-widget elementor-widget-text-editor\" data-id=\"0520fbc\" data-element_type=\"widget\" data-widget_type=\"text-editor.default\">\n\t\t\t\t<div class=\"elementor-widget-container\">\n\t\t\t\t\t\t\t\t\t\n<div class=\"wpcf7 no-js\" id=\"wpcf7-f2016-o1\" lang=\"fr-FR\" dir=\"ltr\" data-wpcf7-id=\"2016\">\n<div class=\"screen-reader-response\"><p role=\"status\" aria-live=\"polite\" aria-atomic=\"true\"><\/p> <ul><\/ul><\/div>\n<form action=\"\/pt\/wp-json\/wp\/v2\/pages\/1830\/#wpcf7-f2016-o1\" method=\"post\" class=\"wpcf7-form init\" aria-label=\"Contact form\" enctype=\"multipart\/form-data\" novalidate=\"novalidate\" data-status=\"init\">\n<div style=\"display: none;\">\n<input type=\"hidden\" name=\"_wpcf7\" value=\"2016\" \/>\n<input type=\"hidden\" name=\"_wpcf7_version\" value=\"6.0.3\" \/>\n<input type=\"hidden\" name=\"_wpcf7_locale\" value=\"fr_FR\" \/>\n<input type=\"hidden\" name=\"_wpcf7_unit_tag\" value=\"wpcf7-f2016-o1\" \/>\n<input type=\"hidden\" name=\"_wpcf7_container_post\" value=\"0\" \/>\n<input type=\"hidden\" name=\"_wpcf7_posted_data_hash\" value=\"\" \/>\n<input type=\"hidden\" name=\"_wpcf7_recaptcha_response\" value=\"\" \/>\n<\/div>\n<p class=\"d-flex row w-100 mx-auto\"><br \/>\n<label class=\"col-lg-6 my-2 px-2\"><span class=\"wpcf7-form-control-wrap\" data-name=\"your-lastname\"><input size=\"40\" maxlength=\"400\" class=\"wpcf7-form-control wpcf7-text wpcf7-validates-as-required w-100\" aria-required=\"true\" aria-invalid=\"false\" placeholder=\"Apelido*\" value=\"\" type=\"text\" name=\"your-lastname\" \/><\/span><\/label><br \/>\n<label class=\"col-lg-6 my-2 px-2\"><span class=\"wpcf7-form-control-wrap\" data-name=\"your-firstname\"><input size=\"40\" maxlength=\"400\" class=\"wpcf7-form-control wpcf7-text wpcf7-validates-as-required w-100\" aria-required=\"true\" aria-invalid=\"false\" placeholder=\"Nome*\" value=\"\" type=\"text\" name=\"your-firstname\" \/><\/span><\/label><br \/>\n<label class=\"col-12 my-2 px-2\"><span class=\"wpcf7-form-control-wrap\" data-name=\"your-company\"><input size=\"40\" maxlength=\"400\" class=\"wpcf7-form-control wpcf7-text wpcf7-validates-as-required w-100\" aria-required=\"true\" aria-invalid=\"false\" placeholder=\"Empresa*\" value=\"\" type=\"text\" name=\"your-company\" \/><\/span><\/label><br \/>\n<label class=\"col-lg-6 my-2 px-2\"><span class=\"wpcf7-form-control-wrap\" data-name=\"your-email\"><input size=\"40\" maxlength=\"400\" class=\"wpcf7-form-control wpcf7-email wpcf7-validates-as-required wpcf7-text wpcf7-validates-as-email w-100\" aria-required=\"true\" aria-invalid=\"false\" placeholder=\"E-mail*\" value=\"\" type=\"email\" name=\"your-email\" \/><\/span><\/label><br \/>\n<label class=\"col-lg-6 my-2 px-2\"><span class=\"wpcf7-form-control-wrap\" data-name=\"your-phone\"><input size=\"40\" maxlength=\"400\" class=\"wpcf7-form-control wpcf7-tel wpcf7-validates-as-required wpcf7-text wpcf7-validates-as-tel w-100\" aria-required=\"true\" aria-invalid=\"false\" placeholder=\"Telefone*\" value=\"\" type=\"tel\" name=\"your-phone\" \/><\/span><\/label><br \/>\n<label class=\"col-12 my-2 px-2\"><span class=\"wpcf7-form-control-wrap\" data-name=\"your-message\"><textarea cols=\"40\" rows=\"10\" maxlength=\"2000\" class=\"wpcf7-form-control wpcf7-textarea w-100\" aria-invalid=\"false\" placeholder=\"A sua mensagem\" name=\"your-message\"><\/textarea><\/span><\/label><br \/>\n<label class=\"col-12 my-2 px-2 d-flex justify-content-between align-items-start align-items-md-center flex-column flex-md-row fw-bold\">Selecionar ficheiro <span class=\"wpcf7-form-control-wrap\" data-name=\"your-file\"><input size=\"40\" class=\"wpcf7-form-control wpcf7-file\" accept=\".pdf,.doc,.docx,.xls,.xlsx,.ppt,.pptx,.png,.jpg,.jpeg,.gif\" aria-invalid=\"false\" type=\"file\" name=\"your-file\" \/><\/span><\/label><br \/>\n<label class=\"col-12 my-2 px-2 fw-bold\"><span class=\"wpcf7-form-control-wrap\" data-name=\"acceptance-920\"><span class=\"wpcf7-form-control wpcf7-acceptance\"><span class=\"wpcf7-list-item\"><label><input type=\"checkbox\" name=\"acceptance-920\" value=\"1\" aria-invalid=\"false\" \/><span class=\"wpcf7-list-item-label\">Ao assinalar este campo, aceito os <a href=\"\/avisos-legais\/\" target=\"_blank\">avisos legais<\/a> deste site.<\/span><\/label><\/span><\/span><\/span><\/label><br \/>\n<label class=\"col-12 my-2 px-2\"><input class=\"wpcf7-form-control wpcf7-submit has-spinner col-12 my-3\" type=\"submit\" value=\"ENVIAR\" \/><\/label>\n<\/p><div class=\"wpcf7-response-output\" aria-hidden=\"true\"><\/div>\n<\/form>\n<\/div>\n\t\t\t\t\t\t\t\t<\/div>\n\t\t\t\t<\/div>\n\t\t\t\t\t<\/div>\n\t\t<\/div>\n\t\t\t\t\t<\/div>\n\t\t<\/section>\n\t\t\t\t<section class=\"elementor-section elementor-top-section elementor-element elementor-element-b33b0ab elementor-section-content-middle elementor-section-boxed elementor-section-height-default elementor-section-height-default\" data-id=\"b33b0ab\" data-element_type=\"section\">\n\t\t\t\t\t\t<div class=\"elementor-container elementor-column-gap-default\">\n\t\t\t\t\t<div class=\"elementor-column elementor-col-33 elementor-top-column elementor-element elementor-element-262352b\" data-id=\"262352b\" data-element_type=\"column\">\n\t\t\t<div class=\"elementor-widget-wrap elementor-element-populated\">\n\t\t\t\t\t\t<div class=\"elementor-element elementor-element-cc5f8fe elementor-widget elementor-widget-heading\" data-id=\"cc5f8fe\" data-element_type=\"widget\" data-widget_type=\"heading.default\">\n\t\t\t\t<div class=\"elementor-widget-container\">\n\t\t\t\t\t<h4 class=\"elementor-heading-title elementor-size-default\">Tissot<br \/> Industrie<\/h4>\t\t\t\t<\/div>\n\t\t\t\t<\/div>\n\t\t\t\t\t<\/div>\n\t\t<\/div>\n\t\t\t\t<div class=\"elementor-column elementor-col-33 elementor-top-column elementor-element elementor-element-453bd9a\" data-id=\"453bd9a\" data-element_type=\"column\">\n\t\t\t<div class=\"elementor-widget-wrap elementor-element-populated\">\n\t\t\t\t\t\t<section class=\"elementor-section elementor-inner-section elementor-element elementor-element-6e0f823 elementor-section-content-middle elementor-section-boxed elementor-section-height-default elementor-section-height-default\" data-id=\"6e0f823\" data-element_type=\"section\">\n\t\t\t\t\t\t<div class=\"elementor-container elementor-column-gap-default\">\n\t\t\t\t\t<div class=\"elementor-column elementor-col-50 elementor-inner-column elementor-element elementor-element-35f0cec\" data-id=\"35f0cec\" data-element_type=\"column\">\n\t\t\t<div class=\"elementor-widget-wrap elementor-element-populated\">\n\t\t\t\t\t\t<div class=\"elementor-element elementor-element-c0ac625 elementor-widget elementor-widget-image\" data-id=\"c0ac625\" data-element_type=\"widget\" data-widget_type=\"image.default\">\n\t\t\t\t<div class=\"elementor-widget-container\">\n\t\t\t\t\t\t\t\t\t\t\t\t\t\t\t<img decoding=\"async\" width=\"40\" height=\"40\" src=\"https:\/\/tissot.com\/wp-content\/uploads\/2022\/01\/picto_infos_contact.png\" class=\"attachment-large size-large wp-image-827\" alt=\"\" \/>\t\t\t\t\t\t\t\t\t\t\t\t\t\t\t<\/div>\n\t\t\t\t<\/div>\n\t\t\t\t\t<\/div>\n\t\t<\/div>\n\t\t\t\t<div class=\"elementor-column elementor-col-50 elementor-inner-column elementor-element elementor-element-79c0f49\" data-id=\"79c0f49\" data-element_type=\"column\">\n\t\t\t<div class=\"elementor-widget-wrap elementor-element-populated\">\n\t\t\t\t\t\t<div class=\"elementor-element elementor-element-686be7e elementor-widget elementor-widget-text-editor\" data-id=\"686be7e\" data-element_type=\"widget\" data-widget_type=\"text-editor.default\">\n\t\t\t\t<div class=\"elementor-widget-container\">\n\t\t\t\t\t\t\t\t\t<p>36 COURS DU G\u00c9N\u00c9RAL DE GAULLE<br \/>33 720 PODENSAC<br \/>FRANCE<\/p>\t\t\t\t\t\t\t\t<\/div>\n\t\t\t\t<\/div>\n\t\t\t\t\t<\/div>\n\t\t<\/div>\n\t\t\t\t\t<\/div>\n\t\t<\/section>\n\t\t\t\t\t<\/div>\n\t\t<\/div>\n\t\t\t\t<div class=\"elementor-column elementor-col-33 elementor-top-column elementor-element elementor-element-ad90737\" data-id=\"ad90737\" data-element_type=\"column\">\n\t\t\t<div class=\"elementor-widget-wrap elementor-element-populated\">\n\t\t\t\t\t\t<section class=\"elementor-section elementor-inner-section elementor-element elementor-element-e758641 elementor-section-content-middle elementor-section-boxed elementor-section-height-default elementor-section-height-default\" data-id=\"e758641\" data-element_type=\"section\">\n\t\t\t\t\t\t<div class=\"elementor-container elementor-column-gap-default\">\n\t\t\t\t\t<div class=\"elementor-column elementor-col-50 elementor-inner-column elementor-element elementor-element-a5bfddd\" data-id=\"a5bfddd\" data-element_type=\"column\">\n\t\t\t<div class=\"elementor-widget-wrap elementor-element-populated\">\n\t\t\t\t\t\t<div class=\"elementor-element elementor-element-5d6b383 elementor-widget elementor-widget-image\" data-id=\"5d6b383\" data-element_type=\"widget\" data-widget_type=\"image.default\">\n\t\t\t\t<div class=\"elementor-widget-container\">\n\t\t\t\t\t\t\t\t\t\t\t\t\t\t\t<img decoding=\"async\" width=\"40\" height=\"40\" src=\"https:\/\/tissot.com\/wp-content\/uploads\/2022\/01\/picto_infos_tel.png\" class=\"attachment-large size-large wp-image-829\" alt=\"\" \/>\t\t\t\t\t\t\t\t\t\t\t\t\t\t\t<\/div>\n\t\t\t\t<\/div>\n\t\t\t\t\t<\/div>\n\t\t<\/div>\n\t\t\t\t<div class=\"elementor-column elementor-col-50 elementor-inner-column elementor-element elementor-element-8ab216e\" data-id=\"8ab216e\" data-element_type=\"column\">\n\t\t\t<div class=\"elementor-widget-wrap elementor-element-populated\">\n\t\t\t\t\t\t<div class=\"elementor-element elementor-element-635fed6 elementor-widget elementor-widget-text-editor\" data-id=\"635fed6\" data-element_type=\"widget\" data-widget_type=\"text-editor.default\">\n\t\t\t\t<div class=\"elementor-widget-container\">\n\t\t\t\t\t\t\t\t\t<p>TEL.<br \/>+33 (0)5 56 27 40 40<\/p>\t\t\t\t\t\t\t\t<\/div>\n\t\t\t\t<\/div>\n\t\t\t\t\t<\/div>\n\t\t<\/div>\n\t\t\t\t\t<\/div>\n\t\t<\/section>\n\t\t\t\t\t<\/div>\n\t\t<\/div>\n\t\t\t\t\t<\/div>\n\t\t<\/section>\n\t\t\t\t<\/div>\n\t\t","protected":false},"excerpt":{"rendered":"<p>Aguardamos o seu contact ! Formul\u00e1rio de contacto Tissot Industrie 36 COURS DU G\u00c9N\u00c9RAL DE GAULLE33 720 PODENSACFRANCE TEL.+33 (0)5 56 27 40 40<\/p>\n","protected":false},"author":3,"featured_media":1832,"parent":0,"menu_order":0,"comment_status":"closed","ping_status":"closed","template":"","meta":{"footnotes":""},"class_list":["post-1830","page","type-page","status-publish","has-post-thumbnail","hentry"],"yoast_head":"<!-- This site is optimized with the Yoast SEO plugin v24.3 - https:\/\/yoast.com\/wordpress\/plugins\/seo\/ -->\n<title>CONTACTO - TISSOT Industrie<\/title>\n<meta name=\"robots\" content=\"index, follow, max-snippet:-1, max-image-preview:large, max-video-preview:-1\" \/>\n<link rel=\"canonical\" href=\"https:\/\/tissot.com\/pt\/contact\/\" \/>\n<meta property=\"og:locale\" content=\"pt_PT\" \/>\n<meta property=\"og:type\" content=\"article\" \/>\n<meta property=\"og:title\" content=\"CONTACTO - TISSOT Industrie\" \/>\n<meta property=\"og:description\" content=\"Aguardamos o seu contact ! Formul\u00e1rio de contacto Tissot Industrie 36 COURS DU G\u00c9N\u00c9RAL DE GAULLE33 720 PODENSACFRANCE TEL.+33 (0)5 56 27 40 40\" \/>\n<meta property=\"og:url\" content=\"https:\/\/tissot.com\/pt\/contact\/\" \/>\n<meta property=\"og:site_name\" content=\"TISSOT Industrie\" \/>\n<meta property=\"article:modified_time\" content=\"2024-07-26T13:11:59+00:00\" \/>\n<meta property=\"og:image\" content=\"https:\/\/tissot.com\/wp-content\/uploads\/2024\/07\/header_contact.jpg\" \/>\n\t<meta property=\"og:image:width\" content=\"1920\" \/>\n\t<meta property=\"og:image:height\" content=\"467\" \/>\n\t<meta property=\"og:image:type\" content=\"image\/jpeg\" \/>\n<meta name=\"twitter:card\" content=\"summary_large_image\" \/>\n<meta name=\"twitter:label1\" content=\"Est. reading time\" \/>\n\t<meta name=\"twitter:data1\" content=\"1 minute\" \/>\n<script type=\"application\/ld+json\" class=\"yoast-schema-graph\">{\"@context\":\"https:\/\/schema.org\",\"@graph\":[{\"@type\":\"WebPage\",\"@id\":\"https:\/\/tissot.com\/pt\/contact\/\",\"url\":\"https:\/\/tissot.com\/pt\/contact\/\",\"name\":\"CONTACTO - TISSOT Industrie\",\"isPartOf\":{\"@id\":\"https:\/\/tissot.com\/pt\/#website\"},\"primaryImageOfPage\":{\"@id\":\"https:\/\/tissot.com\/pt\/contact\/#primaryimage\"},\"image\":{\"@id\":\"https:\/\/tissot.com\/pt\/contact\/#primaryimage\"},\"thumbnailUrl\":\"https:\/\/tissot.com\/wp-content\/uploads\/2024\/07\/header_contact.jpg\",\"datePublished\":\"2024-07-16T10:39:51+00:00\",\"dateModified\":\"2024-07-26T13:11:59+00:00\",\"inLanguage\":\"pt\",\"potentialAction\":[{\"@type\":\"ReadAction\",\"target\":[\"https:\/\/tissot.com\/pt\/contact\/\"]}]},{\"@type\":\"ImageObject\",\"inLanguage\":\"pt\",\"@id\":\"https:\/\/tissot.com\/pt\/contact\/#primaryimage\",\"url\":\"https:\/\/tissot.com\/wp-content\/uploads\/2024\/07\/header_contact.jpg\",\"contentUrl\":\"https:\/\/tissot.com\/wp-content\/uploads\/2024\/07\/header_contact.jpg\",\"width\":1920,\"height\":467},{\"@type\":\"WebSite\",\"@id\":\"https:\/\/tissot.com\/pt\/#website\",\"url\":\"https:\/\/tissot.com\/pt\/\",\"name\":\"TISSOT Industrie\",\"description\":\"Chaudronnerie lourde\",\"publisher\":{\"@id\":\"https:\/\/tissot.com\/pt\/#organization\"},\"potentialAction\":[{\"@type\":\"SearchAction\",\"target\":{\"@type\":\"EntryPoint\",\"urlTemplate\":\"https:\/\/tissot.com\/pt\/?s={search_term_string}\"},\"query-input\":{\"@type\":\"PropertyValueSpecification\",\"valueRequired\":true,\"valueName\":\"search_term_string\"}}],\"inLanguage\":\"pt\"},{\"@type\":\"Organization\",\"@id\":\"https:\/\/tissot.com\/pt\/#organization\",\"name\":\"TISSOT Industrie\",\"url\":\"https:\/\/tissot.com\/pt\/\",\"logo\":{\"@type\":\"ImageObject\",\"inLanguage\":\"pt\",\"@id\":\"https:\/\/tissot.com\/pt\/#\/schema\/logo\/image\/\",\"url\":\"https:\/\/tissot.com\/wp-content\/uploads\/2022\/01\/logo_tissot_80_ans.png\",\"contentUrl\":\"https:\/\/tissot.com\/wp-content\/uploads\/2022\/01\/logo_tissot_80_ans.png\",\"width\":126,\"height\":76,\"caption\":\"TISSOT Industrie\"},\"image\":{\"@id\":\"https:\/\/tissot.com\/pt\/#\/schema\/logo\/image\/\"}}]}<\/script>\n<!-- \/ Yoast SEO plugin. -->","yoast_head_json":{"title":"CONTACTO - TISSOT Industrie","robots":{"index":"index","follow":"follow","max-snippet":"max-snippet:-1","max-image-preview":"max-image-preview:large","max-video-preview":"max-video-preview:-1"},"canonical":"https:\/\/tissot.com\/pt\/contact\/","og_locale":"pt_PT","og_type":"article","og_title":"CONTACTO - TISSOT Industrie","og_description":"Aguardamos o seu contact ! Formul\u00e1rio de contacto Tissot Industrie 36 COURS DU G\u00c9N\u00c9RAL DE GAULLE33 720 PODENSACFRANCE TEL.+33 (0)5 56 27 40 40","og_url":"https:\/\/tissot.com\/pt\/contact\/","og_site_name":"TISSOT Industrie","article_modified_time":"2024-07-26T13:11:59+00:00","og_image":[{"width":1920,"height":467,"url":"https:\/\/tissot.com\/wp-content\/uploads\/2024\/07\/header_contact.jpg","type":"image\/jpeg"}],"twitter_card":"summary_large_image","twitter_misc":{"Est. reading time":"1 minute"},"schema":{"@context":"https:\/\/schema.org","@graph":[{"@type":"WebPage","@id":"https:\/\/tissot.com\/pt\/contact\/","url":"https:\/\/tissot.com\/pt\/contact\/","name":"CONTACTO - TISSOT Industrie","isPartOf":{"@id":"https:\/\/tissot.com\/pt\/#website"},"primaryImageOfPage":{"@id":"https:\/\/tissot.com\/pt\/contact\/#primaryimage"},"image":{"@id":"https:\/\/tissot.com\/pt\/contact\/#primaryimage"},"thumbnailUrl":"https:\/\/tissot.com\/wp-content\/uploads\/2024\/07\/header_contact.jpg","datePublished":"2024-07-16T10:39:51+00:00","dateModified":"2024-07-26T13:11:59+00:00","inLanguage":"pt","potentialAction":[{"@type":"ReadAction","target":["https:\/\/tissot.com\/pt\/contact\/"]}]},{"@type":"ImageObject","inLanguage":"pt","@id":"https:\/\/tissot.com\/pt\/contact\/#primaryimage","url":"https:\/\/tissot.com\/wp-content\/uploads\/2024\/07\/header_contact.jpg","contentUrl":"https:\/\/tissot.com\/wp-content\/uploads\/2024\/07\/header_contact.jpg","width":1920,"height":467},{"@type":"WebSite","@id":"https:\/\/tissot.com\/pt\/#website","url":"https:\/\/tissot.com\/pt\/","name":"TISSOT Industrie","description":"Chaudronnerie lourde","publisher":{"@id":"https:\/\/tissot.com\/pt\/#organization"},"potentialAction":[{"@type":"SearchAction","target":{"@type":"EntryPoint","urlTemplate":"https:\/\/tissot.com\/pt\/?s={search_term_string}"},"query-input":{"@type":"PropertyValueSpecification","valueRequired":true,"valueName":"search_term_string"}}],"inLanguage":"pt"},{"@type":"Organization","@id":"https:\/\/tissot.com\/pt\/#organization","name":"TISSOT Industrie","url":"https:\/\/tissot.com\/pt\/","logo":{"@type":"ImageObject","inLanguage":"pt","@id":"https:\/\/tissot.com\/pt\/#\/schema\/logo\/image\/","url":"https:\/\/tissot.com\/wp-content\/uploads\/2022\/01\/logo_tissot_80_ans.png","contentUrl":"https:\/\/tissot.com\/wp-content\/uploads\/2022\/01\/logo_tissot_80_ans.png","width":126,"height":76,"caption":"TISSOT Industrie"},"image":{"@id":"https:\/\/tissot.com\/pt\/#\/schema\/logo\/image\/"}}]}},"_links":{"self":[{"href":"https:\/\/tissot.com\/pt\/wp-json\/wp\/v2\/pages\/1830\/"}],"collection":[{"href":"https:\/\/tissot.com\/pt\/wp-json\/wp\/v2\/pages\/"}],"about":[{"href":"https:\/\/tissot.com\/pt\/wp-json\/wp\/v2\/types\/page\/"}],"author":[{"embeddable":true,"href":"https:\/\/tissot.com\/pt\/wp-json\/wp\/v2\/users\/3\/"}],"replies":[{"embeddable":true,"href":"https:\/\/tissot.com\/pt\/wp-json\/wp\/v2\/comments\/?post=1830"}],"version-history":[{"count":33,"href":"https:\/\/tissot.com\/pt\/wp-json\/wp\/v2\/pages\/1830\/revisions\/"}],"predecessor-version":[{"id":2218,"href":"https:\/\/tissot.com\/pt\/wp-json\/wp\/v2\/pages\/1830\/revisions\/2218\/"}],"wp:featuredmedia":[{"embeddable":true,"href":"https:\/\/tissot.com\/pt\/wp-json\/wp\/v2\/media\/1832\/"}],"wp:attachment":[{"href":"https:\/\/tissot.com\/pt\/wp-json\/wp\/v2\/media\/?parent=1830"}],"curies":[{"name":"wp","href":"https:\/\/api.w.org\/{rel}","templated":true}]}}