{"id":1952,"date":"2024-07-16T11:17:20","date_gmt":"2024-07-16T09:17:20","guid":{"rendered":"https:\/\/www.tissot.com\/?page_id=1952"},"modified":"2024-07-16T11:51:17","modified_gmt":"2024-07-16T09:51:17","slug":"inicio","status":"publish","type":"page","link":"https:\/\/tissot.com\/pt\/","title":{"rendered":"IN\u00cdCIO"},"content":{"rendered":"\t\t<div data-elementor-type=\"wp-page\" data-elementor-id=\"1952\" class=\"elementor elementor-1952\">\n\t\t\t\t\t\t<section class=\"elementor-section elementor-top-section elementor-element elementor-element-1319972 elementor-section-full_width elementor-section-height-default elementor-section-height-default\" data-id=\"1319972\" data-element_type=\"section\">\n\t\t\t\t\t\t<div class=\"elementor-container elementor-column-gap-default\">\n\t\t\t\t\t<div class=\"elementor-column elementor-col-100 elementor-top-column elementor-element elementor-element-e270eaa\" data-id=\"e270eaa\" data-element_type=\"column\">\n\t\t\t<div class=\"elementor-widget-wrap elementor-element-populated\">\n\t\t\t\t\t\t<div class=\"elementor-element elementor-element-af8e990 elementor-widget elementor-widget-html\" data-id=\"af8e990\" data-element_type=\"widget\" data-widget_type=\"html.default\">\n\t\t\t\t<div class=\"elementor-widget-container\">\n\t\t\t\t\t<a href=\"#accroche\" class=\"scroller\"><\/a>\t\t\t\t<\/div>\n\t\t\t\t<\/div>\n\t\t\t\t<div class=\"elementor-element elementor-element-9d82c0d elementor-arrows-position-inside elementor-widget elementor-widget-image-carousel\" data-id=\"9d82c0d\" data-element_type=\"widget\" data-settings=\"{&quot;slides_to_show&quot;:&quot;1&quot;,&quot;navigation&quot;:&quot;arrows&quot;,&quot;effect&quot;:&quot;fade&quot;,&quot;pause_on_hover&quot;:&quot;no&quot;,&quot;autoplay&quot;:&quot;yes&quot;,&quot;pause_on_interaction&quot;:&quot;yes&quot;,&quot;autoplay_speed&quot;:5000,&quot;infinite&quot;:&quot;yes&quot;,&quot;speed&quot;:500}\" data-widget_type=\"image-carousel.default\">\n\t\t\t\t<div class=\"elementor-widget-container\">\n\t\t\t\t\t\t\t<div class=\"elementor-image-carousel-wrapper swiper\" role=\"region\" aria-roledescription=\"carousel\" aria-label=\"Image Carousel\" dir=\"ltr\">\n\t\t\t<div class=\"elementor-image-carousel swiper-wrapper swiper-image-stretch\" aria-live=\"off\">\n\t\t\t\t\t\t\t\t<div class=\"swiper-slide\" role=\"group\" aria-roledescription=\"slide\" aria-label=\"1 of 6\"><figure class=\"swiper-slide-inner\"><img decoding=\"async\" class=\"swiper-slide-image\" src=\"https:\/\/tissot.com\/wp-content\/uploads\/2024\/07\/home_slide1.jpg\" alt=\"Refer\u00eancia internacional em caldeiraria h\u00e1 80 anos\" \/><figcaption class=\"elementor-image-carousel-caption\">Refer\u00eancia internacional em caldeiraria h\u00e1 80 anos<\/figcaption><\/figure><\/div><div class=\"swiper-slide\" role=\"group\" aria-roledescription=\"slide\" aria-label=\"2 of 6\"><figure class=\"swiper-slide-inner\"><img decoding=\"async\" class=\"swiper-slide-image\" src=\"https:\/\/tissot.com\/wp-content\/uploads\/2024\/07\/home_slide2-2.jpg\" alt=\"Refer\u00eancia internacional em caldeiraria h\u00e1 80 anos\" \/><figcaption class=\"elementor-image-carousel-caption\">Refer\u00eancia internacional em caldeiraria h\u00e1 80 anos<\/figcaption><\/figure><\/div><div class=\"swiper-slide\" role=\"group\" aria-roledescription=\"slide\" aria-label=\"3 of 6\"><figure class=\"swiper-slide-inner\"><img decoding=\"async\" class=\"swiper-slide-image\" src=\"https:\/\/tissot.com\/wp-content\/uploads\/2024\/07\/home_slide3.jpg\" alt=\"Refer\u00eancia internacional em caldeiraria h\u00e1 80 anos\" \/><figcaption class=\"elementor-image-carousel-caption\">Refer\u00eancia internacional em caldeiraria h\u00e1 80 anos<\/figcaption><\/figure><\/div><div class=\"swiper-slide\" role=\"group\" aria-roledescription=\"slide\" aria-label=\"4 of 6\"><figure class=\"swiper-slide-inner\"><img decoding=\"async\" class=\"swiper-slide-image\" src=\"https:\/\/tissot.com\/wp-content\/uploads\/2024\/07\/home_slide5.jpg\" alt=\"Refer\u00eancia internacional em caldeiraria h\u00e1 80 anos\" \/><figcaption class=\"elementor-image-carousel-caption\">Refer\u00eancia internacional em caldeiraria h\u00e1 80 anos<\/figcaption><\/figure><\/div><div class=\"swiper-slide\" role=\"group\" aria-roledescription=\"slide\" aria-label=\"5 of 6\"><figure class=\"swiper-slide-inner\"><img decoding=\"async\" class=\"swiper-slide-image\" src=\"https:\/\/tissot.com\/wp-content\/uploads\/2024\/07\/home_slide7.jpg\" alt=\"Refer\u00eancia internacional em caldeiraria h\u00e1 80 anos\" \/><figcaption class=\"elementor-image-carousel-caption\">Refer\u00eancia internacional em caldeiraria h\u00e1 80 anos<\/figcaption><\/figure><\/div><div class=\"swiper-slide\" role=\"group\" aria-roledescription=\"slide\" aria-label=\"6 of 6\"><figure class=\"swiper-slide-inner\"><img decoding=\"async\" class=\"swiper-slide-image\" src=\"https:\/\/tissot.com\/wp-content\/uploads\/2024\/07\/home_slide8.jpg\" alt=\"Refer\u00eancia internacional em caldeiraria h\u00e1 80 anos\" \/><figcaption class=\"elementor-image-carousel-caption\">Refer\u00eancia internacional em caldeiraria h\u00e1 80 anos<\/figcaption><\/figure><\/div>\t\t\t<\/div>\n\t\t\t\t\t\t\t\t\t\t\t\t<div class=\"elementor-swiper-button elementor-swiper-button-prev\" role=\"button\" tabindex=\"0\">\n\t\t\t\t\t\t<i aria-hidden=\"true\" class=\"eicon-chevron-left\"><\/i>\t\t\t\t\t<\/div>\n\t\t\t\t\t<div class=\"elementor-swiper-button elementor-swiper-button-next\" role=\"button\" tabindex=\"0\">\n\t\t\t\t\t\t<i aria-hidden=\"true\" class=\"eicon-chevron-right\"><\/i>\t\t\t\t\t<\/div>\n\t\t\t\t\n\t\t\t\t\t\t\t\t\t<\/div>\n\t\t\t\t\t\t<\/div>\n\t\t\t\t<\/div>\n\t\t\t\t\t<\/div>\n\t\t<\/div>\n\t\t\t\t\t<\/div>\n\t\t<\/section>\n\t\t\t\t<section class=\"elementor-section elementor-top-section elementor-element elementor-element-caacaef elementor-section-full_width animated-slow elementor-section-height-default elementor-section-height-default elementor-invisible\" data-id=\"caacaef\" data-element_type=\"section\" id=\"accroche\" data-settings=\"{&quot;animation&quot;:&quot;fadeIn&quot;,&quot;animation_delay&quot;:0}\">\n\t\t\t\t\t\t<div class=\"elementor-container elementor-column-gap-default\">\n\t\t\t\t\t<div class=\"elementor-column elementor-col-100 elementor-top-column elementor-element elementor-element-15e4fdd\" data-id=\"15e4fdd\" data-element_type=\"column\">\n\t\t\t<div class=\"elementor-widget-wrap elementor-element-populated\">\n\t\t\t\t\t\t<div class=\"elementor-element elementor-element-22a2c8e elementor-invisible elementor-widget elementor-widget-text-editor\" data-id=\"22a2c8e\" data-element_type=\"widget\" data-settings=\"{&quot;_animation&quot;:&quot;zoomIn&quot;,&quot;_animation_delay&quot;:2500}\" data-widget_type=\"text-editor.default\">\n\t\t\t\t<div class=\"elementor-widget-container\">\n\t\t\t\t\t\t\t\t\t<p><strong>A TISSOT Industrie \u00e9 uma empresa francesa de reputa\u00e7\u00e3o internacional, especializada em projectos de caldeiraria pesada e projectos industriais.<\/strong><\/p><p><br \/>Desde 1942, a TISSOT concebe, fabrica, transporta e monta equipamentos industriais para o armazenamento<br \/>armazenamento, manipula\u00e7\u00e3o e tratamento de l\u00edquidos, s\u00f3lidos e gases.<\/p><p><br \/>A sua experi\u00eancia e a sua organiza\u00e7\u00e3o flex\u00edvel permitem-lhe responder a qualquer necessidade de inova\u00e7\u00e3o nos seguintes sectores<br \/>os sectores das energias renov\u00e1veis, do petr\u00f3leo, da qu\u00edmica, do g\u00e1s, do nuclear, etc.<\/p>\t\t\t\t\t\t\t\t<\/div>\n\t\t\t\t<\/div>\n\t\t\t\t<div class=\"elementor-element elementor-element-7e77df8 elementor-widget elementor-widget-spacer\" data-id=\"7e77df8\" data-element_type=\"widget\" data-widget_type=\"spacer.default\">\n\t\t\t\t<div class=\"elementor-widget-container\">\n\t\t\t\t\t\t\t<div class=\"elementor-spacer\">\n\t\t\t<div class=\"elementor-spacer-inner\"><\/div>\n\t\t<\/div>\n\t\t\t\t\t\t<\/div>\n\t\t\t\t<\/div>\n\t\t\t\t<div class=\"elementor-element elementor-element-a955b11 elementor-invisible elementor-widget elementor-widget-html\" data-id=\"a955b11\" data-element_type=\"widget\" data-settings=\"{&quot;_animation&quot;:&quot;zoomIn&quot;,&quot;_animation_delay&quot;:2500}\" data-widget_type=\"html.default\">\n\t\t\t\t<div class=\"elementor-widget-container\">\n\t\t\t\t\t<button class=\"down-arrow collapsed\" type=\"button\" data-bs-toggle=\"collapse\" data-bs-target=\"#text-seo\" aria-expanded=\"false\" aria-controls=\"text-seo\"><\/button>\t\t\t\t<\/div>\n\t\t\t\t<\/div>\n\t\t\t\t\t<\/div>\n\t\t<\/div>\n\t\t\t\t\t<\/div>\n\t\t<\/section>\n\t\t\t\t<section class=\"elementor-section elementor-top-section elementor-element elementor-element-358eceb elementor-section-boxed elementor-section-height-default elementor-section-height-default\" data-id=\"358eceb\" data-element_type=\"section\">\n\t\t\t\t\t\t<div class=\"elementor-container elementor-column-gap-default\">\n\t\t\t\t\t<div class=\"elementor-column elementor-col-100 elementor-top-column elementor-element elementor-element-16360b5\" data-id=\"16360b5\" data-element_type=\"column\">\n\t\t\t<div class=\"elementor-widget-wrap elementor-element-populated\">\n\t\t\t\t\t\t<div class=\"elementor-element elementor-element-4e12614 collapse elementor-widget elementor-widget-text-editor\" data-id=\"4e12614\" data-element_type=\"widget\" id=\"text-seo\" data-widget_type=\"text-editor.default\">\n\t\t\t\t<div class=\"elementor-widget-container\">\n\t\t\t\t\t\t\t\t\t<p>un peu de texte seo<\/p>\t\t\t\t\t\t\t\t<\/div>\n\t\t\t\t<\/div>\n\t\t\t\t\t<\/div>\n\t\t<\/div>\n\t\t\t\t\t<\/div>\n\t\t<\/section>\n\t\t\t\t<\/div>\n\t\t","protected":false},"excerpt":{"rendered":"<p>Refer\u00eancia internacional em caldeiraria h\u00e1 80 anos Refer\u00eancia internacional em caldeiraria h\u00e1 80 anos Refer\u00eancia internacional em caldeiraria h\u00e1 80 anos Refer\u00eancia internacional em caldeiraria h\u00e1 80 anos Refer\u00eancia internacional em caldeiraria h\u00e1 80 anos Refer\u00eancia internacional em caldeiraria h\u00e1 80 anos Pr\u00e9c\u00e9dent Suivant A TISSOT Industrie \u00e9 uma empresa francesa de reputa\u00e7\u00e3o internacional, especializada [&hellip;]<\/p>\n","protected":false},"author":3,"featured_media":0,"parent":0,"menu_order":0,"comment_status":"closed","ping_status":"closed","template":"","meta":{"footnotes":""},"class_list":["post-1952","page","type-page","status-publish","hentry"],"yoast_head":"<!-- This site is optimized with the Yoast SEO plugin v24.3 - https:\/\/yoast.com\/wordpress\/plugins\/seo\/ -->\n<title>IN\u00cdCIO - TISSOT Industrie<\/title>\n<meta name=\"robots\" content=\"index, follow, max-snippet:-1, max-image-preview:large, max-video-preview:-1\" \/>\n<link rel=\"canonical\" href=\"https:\/\/tissot.com\/pt\/\" \/>\n<meta property=\"og:locale\" content=\"pt_PT\" \/>\n<meta property=\"og:type\" content=\"article\" \/>\n<meta property=\"og:title\" content=\"IN\u00cdCIO - TISSOT Industrie\" \/>\n<meta property=\"og:description\" content=\"Refer\u00eancia internacional em caldeiraria h\u00e1 80 anos Refer\u00eancia internacional em caldeiraria h\u00e1 80 anos Refer\u00eancia internacional em caldeiraria h\u00e1 80 anos Refer\u00eancia internacional em caldeiraria h\u00e1 80 anos Refer\u00eancia internacional em caldeiraria h\u00e1 80 anos Refer\u00eancia internacional em caldeiraria h\u00e1 80 anos Pr\u00e9c\u00e9dent Suivant A TISSOT Industrie \u00e9 uma empresa francesa de reputa\u00e7\u00e3o internacional, especializada [&hellip;]\" \/>\n<meta property=\"og:url\" content=\"https:\/\/tissot.com\/pt\/\" \/>\n<meta property=\"og:site_name\" content=\"TISSOT Industrie\" \/>\n<meta property=\"article:modified_time\" content=\"2024-07-16T09:51:17+00:00\" \/>\n<meta property=\"og:image\" content=\"http:\/\/www.tissot.com\/wp-content\/uploads\/2024\/07\/home_slide1.jpg\" \/>\n<meta name=\"twitter:card\" content=\"summary_large_image\" \/>\n<meta name=\"twitter:label1\" content=\"Est. reading time\" \/>\n\t<meta name=\"twitter:data1\" content=\"3 minutes\" \/>\n<script type=\"application\/ld+json\" class=\"yoast-schema-graph\">{\"@context\":\"https:\/\/schema.org\",\"@graph\":[{\"@type\":\"WebPage\",\"@id\":\"https:\/\/tissot.com\/pt\/\",\"url\":\"https:\/\/tissot.com\/pt\/\",\"name\":\"IN\u00cdCIO - TISSOT Industrie\",\"isPartOf\":{\"@id\":\"https:\/\/tissot.com\/pt\/#website\"},\"primaryImageOfPage\":{\"@id\":\"https:\/\/tissot.com\/pt\/#primaryimage\"},\"image\":{\"@id\":\"https:\/\/tissot.com\/pt\/#primaryimage\"},\"thumbnailUrl\":\"http:\/\/www.tissot.com\/wp-content\/uploads\/2024\/07\/home_slide1.jpg\",\"datePublished\":\"2024-07-16T09:17:20+00:00\",\"dateModified\":\"2024-07-16T09:51:17+00:00\",\"inLanguage\":\"pt\",\"potentialAction\":[{\"@type\":\"ReadAction\",\"target\":[\"https:\/\/tissot.com\/pt\/\"]}]},{\"@type\":\"ImageObject\",\"inLanguage\":\"pt\",\"@id\":\"https:\/\/tissot.com\/pt\/#primaryimage\",\"url\":\"http:\/\/www.tissot.com\/wp-content\/uploads\/2024\/07\/home_slide1.jpg\",\"contentUrl\":\"http:\/\/www.tissot.com\/wp-content\/uploads\/2024\/07\/home_slide1.jpg\"},{\"@type\":\"WebSite\",\"@id\":\"https:\/\/tissot.com\/pt\/#website\",\"url\":\"https:\/\/tissot.com\/pt\/\",\"name\":\"TISSOT Industrie\",\"description\":\"Chaudronnerie lourde\",\"publisher\":{\"@id\":\"https:\/\/tissot.com\/pt\/#organization\"},\"potentialAction\":[{\"@type\":\"SearchAction\",\"target\":{\"@type\":\"EntryPoint\",\"urlTemplate\":\"https:\/\/tissot.com\/pt\/?s={search_term_string}\"},\"query-input\":{\"@type\":\"PropertyValueSpecification\",\"valueRequired\":true,\"valueName\":\"search_term_string\"}}],\"inLanguage\":\"pt\"},{\"@type\":\"Organization\",\"@id\":\"https:\/\/tissot.com\/pt\/#organization\",\"name\":\"TISSOT Industrie\",\"url\":\"https:\/\/tissot.com\/pt\/\",\"logo\":{\"@type\":\"ImageObject\",\"inLanguage\":\"pt\",\"@id\":\"https:\/\/tissot.com\/pt\/#\/schema\/logo\/image\/\",\"url\":\"https:\/\/tissot.com\/wp-content\/uploads\/2022\/01\/logo_tissot_80_ans.png\",\"contentUrl\":\"https:\/\/tissot.com\/wp-content\/uploads\/2022\/01\/logo_tissot_80_ans.png\",\"width\":126,\"height\":76,\"caption\":\"TISSOT Industrie\"},\"image\":{\"@id\":\"https:\/\/tissot.com\/pt\/#\/schema\/logo\/image\/\"}}]}<\/script>\n<!-- \/ Yoast SEO plugin. -->","yoast_head_json":{"title":"IN\u00cdCIO - TISSOT Industrie","robots":{"index":"index","follow":"follow","max-snippet":"max-snippet:-1","max-image-preview":"max-image-preview:large","max-video-preview":"max-video-preview:-1"},"canonical":"https:\/\/tissot.com\/pt\/","og_locale":"pt_PT","og_type":"article","og_title":"IN\u00cdCIO - TISSOT Industrie","og_description":"Refer\u00eancia internacional em caldeiraria h\u00e1 80 anos Refer\u00eancia internacional em caldeiraria h\u00e1 80 anos Refer\u00eancia internacional em caldeiraria h\u00e1 80 anos Refer\u00eancia internacional em caldeiraria h\u00e1 80 anos Refer\u00eancia internacional em caldeiraria h\u00e1 80 anos Refer\u00eancia internacional em caldeiraria h\u00e1 80 anos Pr\u00e9c\u00e9dent Suivant A TISSOT Industrie \u00e9 uma empresa francesa de reputa\u00e7\u00e3o internacional, especializada [&hellip;]","og_url":"https:\/\/tissot.com\/pt\/","og_site_name":"TISSOT Industrie","article_modified_time":"2024-07-16T09:51:17+00:00","og_image":[{"url":"http:\/\/www.tissot.com\/wp-content\/uploads\/2024\/07\/home_slide1.jpg","type":"","width":"","height":""}],"twitter_card":"summary_large_image","twitter_misc":{"Est. reading time":"3 minutes"},"schema":{"@context":"https:\/\/schema.org","@graph":[{"@type":"WebPage","@id":"https:\/\/tissot.com\/pt\/","url":"https:\/\/tissot.com\/pt\/","name":"IN\u00cdCIO - TISSOT Industrie","isPartOf":{"@id":"https:\/\/tissot.com\/pt\/#website"},"primaryImageOfPage":{"@id":"https:\/\/tissot.com\/pt\/#primaryimage"},"image":{"@id":"https:\/\/tissot.com\/pt\/#primaryimage"},"thumbnailUrl":"http:\/\/www.tissot.com\/wp-content\/uploads\/2024\/07\/home_slide1.jpg","datePublished":"2024-07-16T09:17:20+00:00","dateModified":"2024-07-16T09:51:17+00:00","inLanguage":"pt","potentialAction":[{"@type":"ReadAction","target":["https:\/\/tissot.com\/pt\/"]}]},{"@type":"ImageObject","inLanguage":"pt","@id":"https:\/\/tissot.com\/pt\/#primaryimage","url":"http:\/\/www.tissot.com\/wp-content\/uploads\/2024\/07\/home_slide1.jpg","contentUrl":"http:\/\/www.tissot.com\/wp-content\/uploads\/2024\/07\/home_slide1.jpg"},{"@type":"WebSite","@id":"https:\/\/tissot.com\/pt\/#website","url":"https:\/\/tissot.com\/pt\/","name":"TISSOT Industrie","description":"Chaudronnerie lourde","publisher":{"@id":"https:\/\/tissot.com\/pt\/#organization"},"potentialAction":[{"@type":"SearchAction","target":{"@type":"EntryPoint","urlTemplate":"https:\/\/tissot.com\/pt\/?s={search_term_string}"},"query-input":{"@type":"PropertyValueSpecification","valueRequired":true,"valueName":"search_term_string"}}],"inLanguage":"pt"},{"@type":"Organization","@id":"https:\/\/tissot.com\/pt\/#organization","name":"TISSOT Industrie","url":"https:\/\/tissot.com\/pt\/","logo":{"@type":"ImageObject","inLanguage":"pt","@id":"https:\/\/tissot.com\/pt\/#\/schema\/logo\/image\/","url":"https:\/\/tissot.com\/wp-content\/uploads\/2022\/01\/logo_tissot_80_ans.png","contentUrl":"https:\/\/tissot.com\/wp-content\/uploads\/2022\/01\/logo_tissot_80_ans.png","width":126,"height":76,"caption":"TISSOT Industrie"},"image":{"@id":"https:\/\/tissot.com\/pt\/#\/schema\/logo\/image\/"}}]}},"_links":{"self":[{"href":"https:\/\/tissot.com\/pt\/wp-json\/wp\/v2\/pages\/1952\/"}],"collection":[{"href":"https:\/\/tissot.com\/pt\/wp-json\/wp\/v2\/pages\/"}],"about":[{"href":"https:\/\/tissot.com\/pt\/wp-json\/wp\/v2\/types\/page\/"}],"author":[{"embeddable":true,"href":"https:\/\/tissot.com\/pt\/wp-json\/wp\/v2\/users\/3\/"}],"replies":[{"embeddable":true,"href":"https:\/\/tissot.com\/pt\/wp-json\/wp\/v2\/comments\/?post=1952"}],"version-history":[{"count":18,"href":"https:\/\/tissot.com\/pt\/wp-json\/wp\/v2\/pages\/1952\/revisions\/"}],"predecessor-version":[{"id":2009,"href":"https:\/\/tissot.com\/pt\/wp-json\/wp\/v2\/pages\/1952\/revisions\/2009\/"}],"wp:attachment":[{"href":"https:\/\/tissot.com\/pt\/wp-json\/wp\/v2\/media\/?parent=1952"}],"curies":[{"name":"wp","href":"https:\/\/api.w.org\/{rel}","templated":true}]}}